{"id":1392,"date":"2025-07-22T12:39:53","date_gmt":"2025-07-22T10:39:53","guid":{"rendered":"https:\/\/studiowlasnypokoj.pl\/?page_id=1392"},"modified":"2025-07-29T16:41:45","modified_gmt":"2025-07-29T14:41:45","slug":"szczegoly-sesja-indywidualna","status":"publish","type":"page","link":"https:\/\/studiowlasnypokoj.pl\/index.php\/szczegoly-sesja-indywidualna\/","title":{"rendered":"SZCZEG\u00d3\u0141Y SESJA INDYWIDUALNA"},"content":{"rendered":"<div data-colibri-id=\"1392-c1\" class=\"style-642 style-local-1392-c1 position-relative\">\n  <!----><\/p>\n<div data-colibri-component=\"section\" data-colibri-id=\"1392-c2\" id=\"initial-content\" class=\"h-section h-section-global-spacing d-flex align-items-lg-center align-items-md-center align-items-center style-643 style-local-1392-c2 position-relative\">\n    <!----><br \/>\n    <!----><\/p>\n<div class=\"h-section-grid-container h-section-boxed-container\">\n      <!----><\/p>\n<div data-colibri-id=\"1392-c3\" class=\"h-row-container gutters-row-lg-2 gutters-row-md-2 gutters-row-0 gutters-row-v-lg-2 gutters-row-v-md-2 gutters-row-v-2 style-644 style-local-1392-c3 position-relative\">\n        <!----><\/p>\n<div class=\"h-row justify-content-lg-center justify-content-md-center justify-content-center align-items-lg-stretch align-items-md-stretch align-items-stretch gutters-col-lg-2 gutters-col-md-2 gutters-col-0 gutters-col-v-lg-2 gutters-col-v-md-2 gutters-col-v-2\">\n          <!----><\/p>\n<div class=\"h-column h-column-container d-flex h-col-lg-auto h-col-md-auto h-col-auto style-645-outer style-local-1392-c4-outer\">\n<div data-colibri-id=\"1392-c4\" class=\"d-flex h-flex-basis h-column__inner h-px-lg-2 h-px-md-2 h-px-2 v-inner-lg-2 v-inner-md-2 v-inner-2 style-645 style-local-1392-c4 position-relative\">\n              <!----><br \/>\n              <!----><\/p>\n<div class=\"w-100 h-y-container h-column__content h-column__v-align flex-basis-100 align-self-lg-start align-self-md-start align-self-start\">\n                <!----><\/p>\n<div data-colibri-id=\"1392-c5\" class=\"style-646 style-local-1392-c5 position-relative h-element\">\n                  <!----><\/p>\n<div>\n\n\n<p>Po przybyciu na sesj\u0119 indywidualn\u0105, zaprosz\u0119 Ci\u0119 w pierwszej kolejno\u015bci do kr\u00f3tkiego osadzenia si\u0119 w przestrzeni. Cia\u0142o najcz\u0119\u015bciej jest spi\u0119te i zestresowane, dlatego proponuj\u0119 bardzo delikatne jogiczne rozlu\u017anienie, elementy z TMC (Tradycyjna Medycyna Chi\u0144ska), medytacj\u0119 wprowadzaj\u0105c\u0105. Wszystko po to aby poruszy\u0107 energi\u0119 i otworzy\u0107 si\u0119 na pe\u0142niejszy odbi\u00f3r koncertu. Po tym wprowadzeniu poddasz si\u0119 relaksowi le\u017c\u0105c na wygodnym materacu. Zach\u0119cam zawsze do przykrycia si\u0119 kocem, nawet je\u015bli jest ciep\u0142o. Cia\u0142o w bezruchu bardzo \u0142atwo si\u0119 wych\u0142adza. Mi\u0119kki koc daje dodatkowo poczucie bezpiecznego otulenia, kt\u00f3re sprzyja relaksowi. Po sesji zaprosz\u0119 Ci\u0119 do wypicia czarki naparu zio\u0142owego i je\u015bli b\u0119dziesz mie\u0107 ochot\u0119 do podzielenia si\u0119 do\u015bwiadczaniem sesji d\u017awi\u0119kowej.<\/p>\n\n\n\n<p><\/p>\n\n\n\n<p>Przeciwskazaniem do brania udzia\u0142u koncertach gong\u00f3w jest: rozrusznik serca, choroby psychiczne o pod\u0142o\u017cu psychoz, ci\u0105\u017ca.<\/p>\n\n\n\n<p>Czas trwania spotkania ok. 1,50 godziny<\/p>\n\n\n\n<p>W sesji indywidualnej mo\u017cesz wzi\u0105\u0107 udzia\u0142 sama\/sam, ale r\u00f3wnie\u017c z blisk\u0105 osob\u0105. Taka sesja mo\u017ce by\u0107 r\u00f3wnie\u017c wspania\u0142ym prezentem dla bliskiej osoby. Je\u015bli masz ochot\u0119, zapraszam do kontaktu. Znajdziemy dla Ciebie najlepszy termin w godzinach pracy Studia, tj od godz. 17:00-21:00. <\/p>\n\n\n\n<p>Wi\u0119cej o koncercie mo\u017cesz poczyta\u0107 w zak\u0142adce OTULENIE D\u0179WI\u0118KAMI w Menu G\u0142\u00f3wnym<\/p>\n\n\n\n<p>Do zobaczenia <\/p>\n\n\n\n<p><\/p>\n\n\n<\/div>\n<\/div>\n<\/div>\n<\/div>\n<\/div>\n<\/div>\n<\/div>\n<\/div>\n<\/div>\n<div data-colibri-component=\"section\" data-colibri-id=\"1392-c6\" id=\"custom\" class=\"h-section h-section-global-spacing d-flex align-items-lg-center align-items-md-center align-items-center style-647 style-local-1392-c6 position-relative\">\n    <!----><br \/>\n    <!----><\/p>\n<div class=\"h-section-grid-container h-section-boxed-container\">\n      <!----><\/p>\n<div data-colibri-id=\"1392-c7\" class=\"h-row-container gutters-row-lg-2 gutters-row-md-2 gutters-row-0 gutters-row-v-lg-2 gutters-row-v-md-2 gutters-row-v-2 style-648 style-local-1392-c7 position-relative\">\n        <!----><\/p>\n<div class=\"h-row justify-content-lg-center justify-content-md-center justify-content-center align-items-lg-stretch align-items-md-stretch align-items-stretch gutters-col-lg-2 gutters-col-md-2 gutters-col-0 gutters-col-v-lg-2 gutters-col-v-md-2 gutters-col-v-2\">\n          <!----><\/p>\n<div class=\"h-column h-column-container d-flex h-col-lg-auto h-col-md-auto h-col-auto style-649-outer style-local-1392-c8-outer\">\n<div data-colibri-id=\"1392-c8\" class=\"d-flex h-flex-basis h-column__inner h-px-lg-2 h-px-md-2 h-px-2 v-inner-lg-2 v-inner-md-2 v-inner-2 style-649 style-local-1392-c8 position-relative\">\n              <!----><br \/>\n              <!----><\/p>\n<div class=\"w-100 h-y-container h-column__content h-column__v-align flex-basis-100 align-self-lg-start align-self-md-start align-self-start\">\n                <!----><\/p>\n<div data-colibri-id=\"1392-c9\" class=\"h-x-container style-650 style-local-1392-c9 position-relative h-element\">\n                  <!----><\/p>\n<div class=\"h-x-container-inner style-dynamic-1392-c9-group style-650-spacing style-local-1392-c9-spacing\"><span class=\"h-button__outer style-651-outer style-local-1392-c10-outer d-inline-flex h-element\"><a h-use-smooth-scroll=\"true\" href=\"https:\/\/studiowlasnypokoj.pl\/index.php\/cennik\/\"  data-colibri-id=\"1392-c10\" class=\"d-flex w-100 align-items-center h-button justify-content-lg-center justify-content-md-center justify-content-center style-651 style-local-1392-c10 position-relative\"><!----><!----> <span>Powr\u00f3t do cennika<\/span><\/a><br \/>\n                    <\/span>\n                  <\/div>\n<\/p>\n<\/div>\n<\/div>\n<\/div>\n<\/div>\n<\/div>\n<\/div>\n<\/div>\n<\/div>\n<\/div>","protected":false},"excerpt":{"rendered":"<p>Po przybyciu na sesj\u0119 indywidualn\u0105, zaprosz\u0119 Ci\u0119 w pierwszej kolejno\u015bci do kr\u00f3tkiego osadzenia [&hellip;]<\/p>\n","protected":false},"author":1,"featured_media":0,"parent":0,"menu_order":0,"comment_status":"closed","ping_status":"closed","template":"page-templates\/full-width-page.php","meta":{"footnotes":""},"class_list":["post-1392","page","type-page","status-publish","hentry"],"_links":{"self":[{"href":"https:\/\/studiowlasnypokoj.pl\/index.php\/wp-json\/wp\/v2\/pages\/1392","targetHints":{"allow":["GET"]}}],"collection":[{"href":"https:\/\/studiowlasnypokoj.pl\/index.php\/wp-json\/wp\/v2\/pages"}],"about":[{"href":"https:\/\/studiowlasnypokoj.pl\/index.php\/wp-json\/wp\/v2\/types\/page"}],"author":[{"embeddable":true,"href":"https:\/\/studiowlasnypokoj.pl\/index.php\/wp-json\/wp\/v2\/users\/1"}],"replies":[{"embeddable":true,"href":"https:\/\/studiowlasnypokoj.pl\/index.php\/wp-json\/wp\/v2\/comments?post=1392"}],"version-history":[{"count":6,"href":"https:\/\/studiowlasnypokoj.pl\/index.php\/wp-json\/wp\/v2\/pages\/1392\/revisions"}],"predecessor-version":[{"id":3039,"href":"https:\/\/studiowlasnypokoj.pl\/index.php\/wp-json\/wp\/v2\/pages\/1392\/revisions\/3039"}],"wp:attachment":[{"href":"https:\/\/studiowlasnypokoj.pl\/index.php\/wp-json\/wp\/v2\/media?parent=1392"}],"curies":[{"name":"wp","href":"https:\/\/api.w.org\/{rel}","templated":true}]}}