{"id":1390,"date":"2025-07-22T12:16:37","date_gmt":"2025-07-22T10:16:37","guid":{"rendered":"https:\/\/studiowlasnypokoj.pl\/?page_id=1390"},"modified":"2025-07-29T16:42:19","modified_gmt":"2025-07-29T14:42:19","slug":"szczegoly-kregi-kobiet","status":"publish","type":"page","link":"https:\/\/studiowlasnypokoj.pl\/index.php\/szczegoly-kregi-kobiet\/","title":{"rendered":"SZCZEG\u00d3\u0141Y KR\u0118GI KOBIET"},"content":{"rendered":"<div data-colibri-id=\"1390-c1\" class=\"style-652 style-local-1390-c1 position-relative\">\n  <!----><\/p>\n<div data-colibri-component=\"section\" data-colibri-id=\"1390-c2\" id=\"initial-content\" class=\"h-section h-section-global-spacing d-flex align-items-lg-center align-items-md-center align-items-center style-653 style-local-1390-c2 position-relative\">\n    <!----><br \/>\n    <!----><\/p>\n<div class=\"h-section-grid-container h-section-boxed-container\">\n      <!----><\/p>\n<div data-colibri-id=\"1390-c3\" class=\"h-row-container gutters-row-lg-2 gutters-row-md-2 gutters-row-0 gutters-row-v-lg-2 gutters-row-v-md-2 gutters-row-v-2 style-654 style-local-1390-c3 position-relative\">\n        <!----><\/p>\n<div class=\"h-row justify-content-lg-center justify-content-md-center justify-content-center align-items-lg-stretch align-items-md-stretch align-items-stretch gutters-col-lg-2 gutters-col-md-2 gutters-col-0 gutters-col-v-lg-2 gutters-col-v-md-2 gutters-col-v-2\">\n          <!----><\/p>\n<div class=\"h-column h-column-container d-flex h-col-lg-auto h-col-md-auto h-col-auto style-655-outer style-local-1390-c4-outer\">\n<div data-colibri-id=\"1390-c4\" class=\"d-flex h-flex-basis h-column__inner h-px-lg-2 h-px-md-2 h-px-2 v-inner-lg-2 v-inner-md-2 v-inner-2 style-655 style-local-1390-c4 position-relative\">\n              <!----><br \/>\n              <!----><\/p>\n<div class=\"w-100 h-y-container h-column__content h-column__v-align flex-basis-100 align-self-lg-start align-self-md-start align-self-start\">\n                <!----><\/p>\n<div data-colibri-id=\"1390-c5\" class=\"style-656 style-local-1390-c5 position-relative h-element\">\n                  <!----><\/p>\n<div>\n\n\n<p>Atmosfera kr\u0119gowa, to dla Studia najwa\u017cniejsza sprawa. Takie spotkanie odbywa si\u0119 przytulnym klimacie mojej &#8222;\u015awi\u0105tyni&#8221;. Cz\u0119sto jest zwi\u0105zane z konkretnym tematem, np bezpiecze\u0144stwo, role kobiet, mi\u0142o\u015b\u0107 w\u0142asna itd., itp. Zasiadamy w\n                      \u015bwi\u0119tej geometrii kr\u0119gu, delektuj\u0105c si\u0119 wzajemnym towarzystwem. Czasem wspieramy si\u0119 kartami psychologiczno-rozwojowymi. Energia konkretnej grupy i danego dnia przynosi flow. Popijamy sobie herbatk\u0119 i p\u0142yniemy. Lubi\u0119 wstawia\u0107 odrobin\u0119\n                      ruchu w formie ta\u0144ca intuicyjnego, czasem \u015bpiew mantry, jakie\u015b terapeutyczne \u0107wiczenie, czy automasa\u017c. Na zako\u0144czenie zapraszam do ok. 20 min relaksu przy d\u017awi\u0119kach instrument\u00f3w.<\/p>\n\n\n\n<p>Spotkanie jest planowane na ok. 2,5 godziny, ale zazwyczaj potrzeby pokazuj\u0105, \u017ce odrobin\u0119 si\u0119 przeci\u0105ga.<\/p>\n\n\n\n<p>Wi\u0119cej o kr\u0119gach kobiet poczytasz w zak\u0142adce Kr\u0119gi Kobiet w Menu g\u0142\u00f3wnym.<\/p>\n\n\n\n<p>AHO, bo jak\u017ce by inaczej<\/p>\n\n\n<\/div><\/div>\n<\/p><\/div>\n<\/p><\/div>\n<\/p><\/div>\n<\/p><\/div>\n<\/p><\/div>\n<\/p><\/div>\n<\/p><\/div>\n<div data-colibri-component=\"section\" data-colibri-id=\"1390-c6\" id=\"custom\" class=\"h-section h-section-global-spacing d-flex align-items-lg-center align-items-md-center align-items-center style-657 style-local-1390-c6 position-relative\">\n    <!----><br \/>\n    <!----><\/p>\n<div class=\"h-section-grid-container h-section-boxed-container\">\n      <!----><\/p>\n<div data-colibri-id=\"1390-c7\" class=\"h-row-container gutters-row-lg-2 gutters-row-md-2 gutters-row-0 gutters-row-v-lg-2 gutters-row-v-md-2 gutters-row-v-2 style-658 style-local-1390-c7 position-relative\">\n        <!----><\/p>\n<div class=\"h-row justify-content-lg-center justify-content-md-center justify-content-center align-items-lg-stretch align-items-md-stretch align-items-stretch gutters-col-lg-2 gutters-col-md-2 gutters-col-0 gutters-col-v-lg-2 gutters-col-v-md-2 gutters-col-v-2\">\n          <!----><\/p>\n<div class=\"h-column h-column-container d-flex h-col-lg-auto h-col-md-auto h-col-auto style-659-outer style-local-1390-c8-outer\">\n<div data-colibri-id=\"1390-c8\" class=\"d-flex h-flex-basis h-column__inner h-px-lg-2 h-px-md-2 h-px-2 v-inner-lg-2 v-inner-md-2 v-inner-2 style-659 style-local-1390-c8 position-relative\">\n              <!----><br \/>\n              <!----><\/p>\n<div class=\"w-100 h-y-container h-column__content h-column__v-align flex-basis-100 align-self-lg-start align-self-md-start align-self-start\">\n                <!----><\/p>\n<div data-colibri-id=\"1390-c9\" class=\"h-x-container style-660 style-local-1390-c9 position-relative h-element\">\n                  <!----><\/p>\n<div class=\"h-x-container-inner style-dynamic-1390-c9-group style-660-spacing style-local-1390-c9-spacing\"><span class=\"h-button__outer style-661-outer style-local-1390-c10-outer d-inline-flex h-element\"><a h-use-smooth-scroll=\"true\" href=\"https:\/\/studiowlasnypokoj.pl\/index.php\/cennik\/\"  data-colibri-id=\"1390-c10\" class=\"d-flex w-100 align-items-center h-button justify-content-lg-center justify-content-md-center justify-content-center style-661 style-local-1390-c10 position-relative\"><!----><!----> <span>Powr\u00f3t do cennika<\/span><\/a><br \/>\n                    <\/span>\n                  <\/div>\n<\/p><\/div>\n<\/p><\/div>\n<\/p><\/div>\n<\/p><\/div>\n<\/p><\/div>\n<\/p><\/div>\n<\/p><\/div>\n<\/p><\/div>\n<\/div>","protected":false},"excerpt":{"rendered":"<p>Atmosfera kr\u0119gowa, to dla Studia najwa\u017cniejsza sprawa. Takie spotkanie odbywa si\u0119 przytulnym klimacie [&hellip;]<\/p>\n","protected":false},"author":1,"featured_media":0,"parent":0,"menu_order":0,"comment_status":"closed","ping_status":"closed","template":"page-templates\/full-width-page.php","meta":{"footnotes":""},"class_list":["post-1390","page","type-page","status-publish","hentry"],"_links":{"self":[{"href":"https:\/\/studiowlasnypokoj.pl\/index.php\/wp-json\/wp\/v2\/pages\/1390","targetHints":{"allow":["GET"]}}],"collection":[{"href":"https:\/\/studiowlasnypokoj.pl\/index.php\/wp-json\/wp\/v2\/pages"}],"about":[{"href":"https:\/\/studiowlasnypokoj.pl\/index.php\/wp-json\/wp\/v2\/types\/page"}],"author":[{"embeddable":true,"href":"https:\/\/studiowlasnypokoj.pl\/index.php\/wp-json\/wp\/v2\/users\/1"}],"replies":[{"embeddable":true,"href":"https:\/\/studiowlasnypokoj.pl\/index.php\/wp-json\/wp\/v2\/comments?post=1390"}],"version-history":[{"count":3,"href":"https:\/\/studiowlasnypokoj.pl\/index.php\/wp-json\/wp\/v2\/pages\/1390\/revisions"}],"predecessor-version":[{"id":3040,"href":"https:\/\/studiowlasnypokoj.pl\/index.php\/wp-json\/wp\/v2\/pages\/1390\/revisions\/3040"}],"wp:attachment":[{"href":"https:\/\/studiowlasnypokoj.pl\/index.php\/wp-json\/wp\/v2\/media?parent=1390"}],"curies":[{"name":"wp","href":"https:\/\/api.w.org\/{rel}","templated":true}]}}