{"id":1335,"date":"2025-07-22T11:36:11","date_gmt":"2025-07-22T09:36:11","guid":{"rendered":"https:\/\/studiowlasnypokoj.pl\/?page_id=1335"},"modified":"2025-07-29T16:40:27","modified_gmt":"2025-07-29T14:40:27","slug":"szczegoly-koncert-gongow","status":"publish","type":"page","link":"https:\/\/studiowlasnypokoj.pl\/index.php\/szczegoly-koncert-gongow\/","title":{"rendered":"SZCZEG\u00d3\u0141Y KONCERT GONG\u00d3W"},"content":{"rendered":"<div data-colibri-id=\"1335-c1\" class=\"style-632 style-local-1335-c1 position-relative\">\n  <!----><\/p>\n<div data-colibri-component=\"section\" data-colibri-id=\"1335-c2\" id=\"initial-content\" class=\"h-section h-section-global-spacing d-flex align-items-lg-center align-items-md-center align-items-center style-633 style-local-1335-c2 position-relative\">\n    <!----><br \/>\n    <!----><\/p>\n<div class=\"h-section-grid-container h-section-boxed-container\">\n      <!----><\/p>\n<div data-colibri-id=\"1335-c3\" class=\"h-row-container gutters-row-lg-2 gutters-row-md-2 gutters-row-0 gutters-row-v-lg-2 gutters-row-v-md-2 gutters-row-v-2 style-634 style-local-1335-c3 position-relative\">\n        <!----><\/p>\n<div class=\"h-row justify-content-lg-center justify-content-md-center justify-content-center align-items-lg-stretch align-items-md-stretch align-items-stretch gutters-col-lg-2 gutters-col-md-2 gutters-col-0 gutters-col-v-lg-2 gutters-col-v-md-2 gutters-col-v-2\">\n          <!----><\/p>\n<div class=\"h-column h-column-container d-flex h-col-lg-auto h-col-md-auto h-col-auto style-635-outer style-local-1335-c4-outer\">\n<div data-colibri-id=\"1335-c4\" class=\"d-flex h-flex-basis h-column__inner h-px-lg-2 h-px-md-2 h-px-2 v-inner-lg-2 v-inner-md-2 v-inner-2 style-635 style-local-1335-c4 position-relative\">\n              <!----><br \/>\n              <!----><\/p>\n<div class=\"w-100 h-y-container h-column__content h-column__v-align flex-basis-100 align-self-lg-start align-self-md-start align-self-start\">\n                <!----><\/p>\n<div data-colibri-id=\"1335-c5\" class=\"style-636 style-local-1335-c5 position-relative h-element\">\n                  <!----><\/p>\n<div>\n\n\n<p>Spotkanie jest zazwyczaj tematyczne, np po\u015bwi\u0119cone wybranej czakrze, b\u0105d\u017a \u017cywio\u0142owi. Zanim przejdziemy do koncertu w\u0142a\u015bciwego, prowadz\u0119 w zale\u017cno\u015bci od dnia, medytacj\u0119, cz\u0119sto w ruchu, mo\u017ce by\u0107 te\u017c jogiczna rozgrzewka, \u015bpiew mantry, taniec intuicyjny. Wszystko po to aby poruszy\u0107 energi\u0119 i otworzy\u0107 si\u0119 na pe\u0142niejszy odbi\u00f3r koncertu. Po tym wprowadzeniu poddajesz si\u0119 relaksowi le\u017c\u0105c na wygodnym materacu. Zach\u0119cam zawsze do przykrycia si\u0119 kocem, nawet je\u015bli jest ciep\u0142o. Cia\u0142o w bezruchu bardzo \u0142atwo si\u0119 wych\u0142adza. Mi\u0119kki koc daje dodatkowo poczucie bezpiecznego otulenia, kt\u00f3re sprzyja relaksowi. Koce s\u0105 na miejscu, ale je\u015bli wolisz sw\u00f3j to jak najbardziej mo\u017cesz ze sob\u0105 przynie\u015b\u0107.<\/p>\n\n\n\n<p>Po wygodnym &#8222;umoszczeniu si\u0119&#8221; rozpoczyna si\u0119 koncert, kt\u00f3ry trwa ok. 1 godzin\u0119 , a po jego zako\u0144czeniu, siadamy w kr\u0119gu poddaj\u0105c si\u0119 \u0142agodnej rozmowie przy naparze zio\u0142owym. To te\u017c czas, w kt\u00f3rym mo\u017cesz, je\u015bli masz ochot\u0119, podzieli\u0107 si\u0119 odczuciami.<\/p>\n\n\n\n<p>Koncert relaksacyjny &#8222;Otulenie d\u017awi\u0119kami&#8221; odbywa si\u0119 cyklicznie, raz w miesi\u0105cu w bezpiecznej przestrzeni mojego domowego Studia. W okresie letnim, je\u015bli pogoda pozwala, na tarasie.<\/p>\n\n\n\n<p>Bardzo kameralna liczba uczestnik\u00f3w &#8211; 6 miejsc. <\/p>\n\n\n\n<p>Czas trwania spotkania &#8211; ok. 2 godziny<\/p>\n\n\n\n<p>Przeciwskazaniem do brania udzia\u0142u koncertach gong\u00f3w jest: rozrusznik serca, choroby psychiczne o pod\u0142o\u017cu psychoz, ci\u0105\u017ca.<\/p>\n\n\n\n<p>Wi\u0119cej o koncercie mo\u017cesz poczyta\u0107 w zak\u0142adce OTULENIE D\u0179WI\u0118KAMI w Menu G\u0142\u00f3wnym<\/p>\n\n\n\n<p>Do zobaczenia <\/p>\n\n\n\n<p><\/p>\n\n\n<\/div>\n<\/div>\n<\/div>\n<\/div>\n<\/div>\n<\/div>\n<\/div>\n<\/div>\n<\/div>\n<div data-colibri-component=\"section\" data-colibri-id=\"1335-c6\" id=\"custom\" class=\"h-section h-section-global-spacing d-flex align-items-lg-center align-items-md-center align-items-center style-637 style-local-1335-c6 position-relative\">\n    <!----><br \/>\n    <!----><\/p>\n<div class=\"h-section-grid-container h-section-boxed-container\">\n      <!----><\/p>\n<div data-colibri-id=\"1335-c7\" class=\"h-row-container gutters-row-lg-2 gutters-row-md-2 gutters-row-0 gutters-row-v-lg-2 gutters-row-v-md-2 gutters-row-v-2 style-638 style-local-1335-c7 position-relative\">\n        <!----><\/p>\n<div class=\"h-row justify-content-lg-center justify-content-md-center justify-content-center align-items-lg-stretch align-items-md-stretch align-items-stretch gutters-col-lg-2 gutters-col-md-2 gutters-col-0 gutters-col-v-lg-2 gutters-col-v-md-2 gutters-col-v-2\">\n          <!----><\/p>\n<div class=\"h-column h-column-container d-flex h-col-lg-auto h-col-md-auto h-col-auto style-639-outer style-local-1335-c8-outer\">\n<div data-colibri-id=\"1335-c8\" class=\"d-flex h-flex-basis h-column__inner h-px-lg-2 h-px-md-2 h-px-2 v-inner-lg-2 v-inner-md-2 v-inner-2 style-639 style-local-1335-c8 position-relative\">\n              <!----><br \/>\n              <!----><\/p>\n<div class=\"w-100 h-y-container h-column__content h-column__v-align flex-basis-100 align-self-lg-start align-self-md-start align-self-start\">\n                <!----><\/p>\n<div data-colibri-id=\"1335-c9\" class=\"h-x-container style-640 style-local-1335-c9 position-relative h-element\">\n                  <!----><\/p>\n<div class=\"h-x-container-inner style-dynamic-1335-c9-group style-640-spacing style-local-1335-c9-spacing\"><span class=\"h-button__outer style-641-outer style-local-1335-c10-outer d-inline-flex h-element\"><a h-use-smooth-scroll=\"true\" href=\"https:\/\/studiowlasnypokoj.pl\/index.php\/cennik\/\"  data-colibri-id=\"1335-c10\" class=\"d-flex w-100 align-items-center h-button justify-content-lg-center justify-content-md-center justify-content-center style-641 style-local-1335-c10 position-relative\"><!----><!----> <span>Powr\u00f3t do cennika<\/span><\/a><br \/>\n                    <\/span>\n                  <\/div>\n<\/p>\n<\/div>\n<\/div>\n<\/div>\n<\/div>\n<\/div>\n<\/div>\n<\/div>\n<\/div>\n<\/div>","protected":false},"excerpt":{"rendered":"<p>Spotkanie jest zazwyczaj tematyczne, np po\u015bwi\u0119cone wybranej czakrze, b\u0105d\u017a \u017cywio\u0142owi. Zanim przejdziemy do [&hellip;]<\/p>\n","protected":false},"author":1,"featured_media":0,"parent":0,"menu_order":0,"comment_status":"closed","ping_status":"closed","template":"page-templates\/full-width-page.php","meta":{"footnotes":""},"class_list":["post-1335","page","type-page","status-publish","hentry"],"_links":{"self":[{"href":"https:\/\/studiowlasnypokoj.pl\/index.php\/wp-json\/wp\/v2\/pages\/1335","targetHints":{"allow":["GET"]}}],"collection":[{"href":"https:\/\/studiowlasnypokoj.pl\/index.php\/wp-json\/wp\/v2\/pages"}],"about":[{"href":"https:\/\/studiowlasnypokoj.pl\/index.php\/wp-json\/wp\/v2\/types\/page"}],"author":[{"embeddable":true,"href":"https:\/\/studiowlasnypokoj.pl\/index.php\/wp-json\/wp\/v2\/users\/1"}],"replies":[{"embeddable":true,"href":"https:\/\/studiowlasnypokoj.pl\/index.php\/wp-json\/wp\/v2\/comments?post=1335"}],"version-history":[{"count":8,"href":"https:\/\/studiowlasnypokoj.pl\/index.php\/wp-json\/wp\/v2\/pages\/1335\/revisions"}],"predecessor-version":[{"id":3038,"href":"https:\/\/studiowlasnypokoj.pl\/index.php\/wp-json\/wp\/v2\/pages\/1335\/revisions\/3038"}],"wp:attachment":[{"href":"https:\/\/studiowlasnypokoj.pl\/index.php\/wp-json\/wp\/v2\/media?parent=1335"}],"curies":[{"name":"wp","href":"https:\/\/api.w.org\/{rel}","templated":true}]}}